{"id":2,"date":"2026-03-12T12:20:56","date_gmt":"2026-03-12T12:20:56","guid":{"rendered":"https:\/\/clever-galois.85-215-185-85.plesk.page\/?page_id=2"},"modified":"2026-03-13T19:37:57","modified_gmt":"2026-03-13T19:37:57","slug":"a-honlapszerkesztes-folyamata","status":"publish","type":"page","link":"https:\/\/clever-galois.85-215-185-85.plesk.page\/","title":{"rendered":"A honlapszerkeszt\u00e9s folyamata"},"content":{"rendered":"<section class=\"bde-section-2-101 bde-section section-1\">\n  \n  \n\t\n\n\n\n<div class=\"section-container\"><img decoding=\"async\" class=\"oxy-image-2-102 oxy-image image-2\" src=\"https:\/\/clever-galois.85-215-185-85.plesk.page\/wp-content\/uploads\/2026\/03\/honlapszerkesztes-folyamata-600x397-1.jpg\" alt=\"A honlapszerkeszt\u00e9s folyamata\" loading=\"lazy\" srcset=\"https:\/\/clever-galois.85-215-185-85.plesk.page\/wp-content\/uploads\/2026\/03\/honlapszerkesztes-folyamata-600x397-1.jpg 600w, https:\/\/clever-galois.85-215-185-85.plesk.page\/wp-content\/uploads\/2026\/03\/honlapszerkesztes-folyamata-600x397-1-300x199.jpg 300w\" sizes=\"(max-width: 600px) 100vw, 600px\"><div class=\"oxy-text-2-103 oxy-text text-1\">\nMa m\u00e1r mindenki tud honlapot k\u00e9sz\u00edteni. \u00d6ssze lehet dobni k\u00fcl\u00f6nb\u00f6z\u0151 pluginokb\u00f3l egy olyan weboldalt, amelyen minden megtal\u00e1lhat\u00f3. M\u00e9gis mi\u00e9rt van sz\u00fcks\u00e9g m\u00e9g szakemberek seg\u00edts\u00e9g\u00e9re?<br>Professzion\u00e1lis megjelen\u00e9s: Egy honlap megjelen\u00e9se \u00e9s fel\u00e9p\u00edt\u00e9se kulcsfontoss\u00e1g\u00fa a l\u00e1togat\u00f3k vonz\u00e1sa \u00e9s az \u00fczleti c\u00e9lok el\u00e9r\u00e9se szempontj\u00e1b\u00f3l. A szakemberek k\u00e9pzettek abban, hogy az eszt\u00e9tikai \u00e9s funkcion\u00e1lis szempontokat egyens\u00falyban tarts\u00e1k, hogy a honlap professzion\u00e1lis \u00e9s vonz\u00f3 legyen.<br>C\u00e9lok meghat\u00e1roz\u00e1sa: Miel\u0151tt b\u00e1rmilyen tervez\u0151eszk\u00f6zzel vagy programmal kezden\u00e9nk dolgozni, fontos, hogy tiszt\u00e1zzuk, milyen c\u00e9lokat szeretn\u00e9nk el\u00e9rni a honlapunkkal. Milyen \u00fczenetet szeretn\u00e9nk \u00e1tadni, milyen t\u00edpus\u00fa l\u00e1togat\u00f3kra sz\u00e1m\u00edtunk, milyen funkci\u00f3kat szeretn\u00e9nk biztos\u00edtani stb.<br>Tervez\u00e9s: Miut\u00e1n tiszt\u00e1ztuk a c\u00e9lokat, \u00e9rdemes tervezni a honlapot. A tervez\u00e9s sor\u00e1n kital\u00e1ljuk, milyen strukt\u00far\u00e1t, kin\u00e9zetet, sz\u00edneket \u00e9s bet\u0171t\u00edpusokat fogunk haszn\u00e1lni. A tervez\u00e9s sor\u00e1n hasznos lehet el\u0151sz\u00f6r pap\u00edron vagy k\u00e9zzel k\u00e9sz\u00edteni egy v\u00e1zlatot.<br>Tartalom: Az oldal tartalma a legfontosabb r\u00e9sze a honlapunknak. A tartalomnak meg kell felelnie a c\u00e9ljainknak \u00e9s az \u00fczenet\u00fcnknek. Ez mag\u00e1ban foglalja a sz\u00f6vegeket, k\u00e9peket, vide\u00f3kat \u00e9s m\u00e1s anyagokat.<br>Programoz\u00e1s: Miut\u00e1n a tervez\u00e9s \u00e9s a tartalom elk\u00e9sz\u00fclt, a honlapot meg kell programozni. Ennek sor\u00e1n haszn\u00e1lhatunk szabadon el\u00e9rhet\u0151 tartalomkezel\u0151 rendszereket, vagy saj\u00e1t magunk k\u00f3dolhatjuk az oldalt.<br>Tesztel\u00e9s: A honlap elk\u00e9sz\u00edt\u00e9se ut\u00e1n tesztelni kell annak minden funkci\u00f3j\u00e1t. Fontos, hogy k\u00fcl\u00f6nb\u00f6z\u0151 eszk\u00f6z\u00f6kr\u0151l \u00e9s b\u00f6ng\u00e9sz\u0151kb\u0151l is tesztelj\u00fck az oldalt, hogy biztosak legy\u00fcnk abban, hogy mindenki sz\u00e1m\u00e1ra megfelel\u0151en jelenik meg.<br>Megjelen\u00edt\u00e9s: Ha az oldal tesztel\u00e9se sikeres volt, akkor m\u00e1r k\u00f6zz\u00e9tehetj\u00fck az interneten. Ehhez sz\u00fcks\u00e9g\u00fcnk lesz egy domain n\u00e9vre \u00e9s egy t\u00e1rhelyre, ahova felt\u00f6lthetj\u00fck az oldalt.<br>Karbantart\u00e1s: Az oldal elk\u00e9sz\u00edt\u00e9se ut\u00e1n sem \u00e9r v\u00e9get a munka. Az oldalt rendszeresen karbantartani kell, friss\u00edteni a tartalmat, jav\u00edtani a hib\u00e1kat \u00e9s biztos\u00edtani az optimaliz\u00e1lts\u00e1got.<br>Felhaszn\u00e1l\u00f3i \u00e9lm\u00e9ny: A honlap felhaszn\u00e1l\u00f3i \u00e9lm\u00e9nye d\u00f6nt\u0151 fontoss\u00e1g\u00fa. A szakemberek tiszt\u00e1ban vannak a felhaszn\u00e1l\u00f3i viselked\u00e9ssel \u00e9s preferenci\u00e1kkal, \u00e9s k\u00e9pesek a honlapot \u00fagy tervezni \u00e9s kialak\u00edtani, hogy a l\u00e1togat\u00f3k k\u00f6nnyen navig\u00e1ljanak rajta, megtal\u00e1lj\u00e1k az inform\u00e1ci\u00f3kat \u00e9s a v\u00e1rt eredm\u00e9nyeket el\u00e9rj\u00e9k.<br><br>Testreszabhat\u00f3s\u00e1g \u00e9s egyedi ig\u00e9nyek: A sablonalap\u00fa honlapszerkeszt\u0151k hat\u00e9konyak lehetnek, de sok esetben korl\u00e1tozottak az egyedi ig\u00e9nyek kiel\u00e9g\u00edt\u00e9s\u00e9ben. Egy szakember k\u00e9pes testreszabni a honlapot az \u00fcgyf\u00e9l specifikus ig\u00e9nyeire \u00e9s c\u00e9ljaira, \u00e9s kiv\u00e1l\u00f3 min\u0151s\u00e9g\u0171, szem\u00e9lyre szabott megold\u00e1st biztos\u00edtani.<br><br>Funkci\u00f3k \u00e9s b\u0151v\u00edtm\u00e9nyek: Egy honlapban gyakran sz\u00fcks\u00e9g van k\u00fcl\u00f6nf\u00e9le funkci\u00f3kra \u00e9s b\u0151v\u00edtm\u00e9nyekre, mint p\u00e9ld\u00e1ul kapcsolatfelv\u00e9teli \u0171rlapok, web\u00e1ruh\u00e1zak, foglal\u00e1si rendszerek stb. A szakemberek ismerik a k\u00fcl\u00f6nb\u00f6z\u0151 technol\u00f3gi\u00e1kat \u00e9s b\u0151v\u00edtm\u00e9nyeket, \u00e9s seg\u00edts\u00e9get ny\u00fajtanak a megfelel\u0151 funkci\u00f3k integr\u00e1l\u00e1s\u00e1ban.<br><br>Optimaliz\u00e1ci\u00f3 \u00e9s SEO: A honlap optimaliz\u00e1l\u00e1sa \u00e9s keres\u0151motor-optimaliz\u00e1l\u00e1s (SEO) n\u00e9lk\u00fcl\u00f6zhetetlen a honlap l\u00e1that\u00f3s\u00e1g\u00e1nak \u00e9s tal\u00e1lhat\u00f3s\u00e1g\u00e1nak jav\u00edt\u00e1s\u00e1hoz a keres\u0151motorokban. A szakemberek seg\u00edtenek a honlap optimaliz\u00e1l\u00e1s\u00e1ban, kulcssz\u00f3kutat\u00e1sban, metaadatok k\u00e9sz\u00edt\u00e9s\u00e9ben \u00e9s m\u00e1s SEO-tev\u00e9kenys\u00e9gekben, hogy a honlap magasabb helyez\u00e9st \u00e9rjen el a keres\u0151tal\u00e1latokban.<br><br>Biztons\u00e1g \u00e9s megb\u00edzhat\u00f3s\u00e1g: A honlapok biztons\u00e1ga \u00e9s megb\u00edzhat\u00f3s\u00e1ga olyan szaktud\u00e1st ig\u00e9nyel, amelyek n\u00e9lk\u00fcl hamar v\u00edrus, vagy k\u00fcl\u00f6nf\u00e9le both\u00e1l\u00f3zatok zs\u00e1km\u00e1ny\u00e1v\u00e1 v\u00e1lik a honlap, ezzel nagy k\u00e1rt okozva a honlap tulajdonos\u00e1nak, de ezen t\u00fal a t\u00e1rhelyen l\u00e9v\u0151 t\u00f6bbi honlapot is megfert\u0151zhetik.\n<\/div><\/div>\n<\/section><div class=\"oxy-container-2-105 oxy-container container-1\"><ul class=\"bde-basic-list-2-104 bde-basic-list\">\n  <li  >    \n          Hat\u00e1rozd meg a honlap c\u00e9lj\u00e1t \u00e9s c\u00e9lk\u00f6z\u00f6ns\u00e9g\u00e9t.\n      <\/li>\n  <li  >    \n          V\u00e1lassz ki egy tartalomkezel\u0151 rendszert att\u00f3l f\u00fcgg\u0151en, hogy mennyire vagy k\u00e9pben. (WordPress, Joomla, stb.)\n      <\/li>\n  <li  >    \n          V\u00e1lassz domain nevet \u00e9s szolg\u00e1ltat\u00f3t, ahol a honlapod helyet kap.\n      <\/li>\n  <li  >    \n          V\u00e1lassz megfelel\u0151 sablont vagy terveket, amelyek megfelelnek a c\u00e9ljaidnak \u00e9s c\u00e9lk\u00f6z\u00f6ns\u00e9gednek.<br>\n      <\/li>\n  <li  >    \n          Hozz l\u00e9tre tartalmat a honlapod sz\u00e1m\u00e1ra, bele\u00e9rtve a c\u00edmsorokat, a sz\u00f6veget, a k\u00e9peket \u00e9s a vide\u00f3kat.<br>\n      <\/li>\n  <li  >    \n          V\u00e1laszd ki a megfelel\u0151 sz\u00edns\u00e9m\u00e1t \u00e9s bet\u0171t\u00edpust a honlapodhoz.\n      <\/li>\n  <li  >    \n          Hozz l\u00e9tre navig\u00e1ci\u00f3s men\u00fct, amely k\u00f6nnyen navig\u00e1lhat\u00f3 a l\u00e1togat\u00f3k sz\u00e1m\u00e1ra.\n      <\/li>\n  <li  >    \n          Optimiz\u00e1ld a honlapod SEO szempontj\u00e1b\u00f3l, hogy k\u00f6nnyen megtal\u00e1lhass\u00e1k a keres\u0151motorok.\n      <\/li>\n  <li  >    \n          Teszteld a honlapod k\u00fcl\u00f6nb\u00f6z\u0151 b\u00f6ng\u00e9sz\u0151kben \u00e9s k\u00e9sz\u00fcl\u00e9keken.\n      <\/li>\n  <li  >    \n          V\u00e9g\u00fcl publik\u00e1ld a honlapodat \u00e9s kezdd el prom\u00f3zni, hogy min\u00e9l t\u00f6bben megtal\u00e1lj\u00e1k \u00e9s haszn\u00e1lj\u00e1k.\n      <\/li>\n<\/ul><\/div>","protected":false},"excerpt":{"rendered":"<p>Ma m\u00e1r mindenki tud honlapot k\u00e9sz\u00edteni. \u00d6ssze lehet dobni k\u00fcl\u00f6nb\u00f6z\u0151 pluginokb\u00f3l egy olyan weboldalt, amelyen minden megtal\u00e1lhat\u00f3. M\u00e9gis mi\u00e9rt van sz\u00fcks\u00e9g m\u00e9g szakemberek seg\u00edts\u00e9g\u00e9re?Professzion\u00e1lis megjelen\u00e9s: Egy honlap megjelen\u00e9se \u00e9s fel\u00e9p\u00edt\u00e9se kulcsfontoss\u00e1g\u00fa a l\u00e1togat\u00f3k vonz\u00e1sa \u00e9s az \u00fczleti c\u00e9lok el\u00e9r\u00e9se szempontj\u00e1b\u00f3l. A szakemberek k\u00e9pzettek abban, hogy az eszt\u00e9tikai \u00e9s funkcion\u00e1lis szempontokat egyens\u00falyban tarts\u00e1k, hogy a honlap [&hellip;]<\/p>\n","protected":false},"author":1,"featured_media":0,"parent":0,"menu_order":0,"comment_status":"closed","ping_status":"closed","template":"","meta":{"_oxygen_hide_in_design_set":false,"_oxygen_tags":"","footnotes":""},"class_list":["post-2","page","type-page","status-publish","hentry"],"_links":{"self":[{"href":"https:\/\/clever-galois.85-215-185-85.plesk.page\/index.php\/wp-json\/wp\/v2\/pages\/2","targetHints":{"allow":["GET"]}}],"collection":[{"href":"https:\/\/clever-galois.85-215-185-85.plesk.page\/index.php\/wp-json\/wp\/v2\/pages"}],"about":[{"href":"https:\/\/clever-galois.85-215-185-85.plesk.page\/index.php\/wp-json\/wp\/v2\/types\/page"}],"author":[{"embeddable":true,"href":"https:\/\/clever-galois.85-215-185-85.plesk.page\/index.php\/wp-json\/wp\/v2\/users\/1"}],"replies":[{"embeddable":true,"href":"https:\/\/clever-galois.85-215-185-85.plesk.page\/index.php\/wp-json\/wp\/v2\/comments?post=2"}],"version-history":[{"count":11,"href":"https:\/\/clever-galois.85-215-185-85.plesk.page\/index.php\/wp-json\/wp\/v2\/pages\/2\/revisions"}],"predecessor-version":[{"id":41,"href":"https:\/\/clever-galois.85-215-185-85.plesk.page\/index.php\/wp-json\/wp\/v2\/pages\/2\/revisions\/41"}],"wp:attachment":[{"href":"https:\/\/clever-galois.85-215-185-85.plesk.page\/index.php\/wp-json\/wp\/v2\/media?parent=2"}],"curies":[{"name":"wp","href":"https:\/\/api.w.org\/{rel}","templated":true}]}}